{"id":2622,"date":"2020-11-16T13:50:01","date_gmt":"2020-11-16T19:50:01","guid":{"rendered":"https:\/\/fupnapib.conroa.org\/?page_id=2622"},"modified":"2025-02-16T22:41:00","modified_gmt":"2025-02-17T04:41:00","slug":"2622-2","status":"publish","type":"page","link":"https:\/\/fupnapib.org\/?page_id=2622","title":{"rendered":"Historia"},"content":{"rendered":"<p>[et_pb_section fb_built=\u00bb1&#8243; next_background_color=\u00bb#ffffff\u00bb _builder_version=\u00bb4.4.8&#8243; background_enable_color=\u00bboff\u00bb background_image=\u00bbhttps:\/\/fupnapib.org\/wp-content\/uploads\/2018\/02\/cropped-rio2-1.jpg\u00bb background_blend=\u00bbdarken\u00bb max_width=\u00bb100%\u00bb min_height=\u00bb366px\u00bb custom_padding=\u00bb110px||0px|||\u00bb bottom_divider_style=\u00bbramp2&#8243; hover_enabled=\u00bb0&#8243; locked=\u00bboff\u00bb title_text=\u00bbcropped-rio2-1.jpg\u00bb][et_pb_row _builder_version=\u00bb4.4.8&#8243; custom_margin=\u00bb|auto||334px||\u00bb][et_pb_column type=\u00bb4_4&#8243; _builder_version=\u00bb4.4.8&#8243;][et_pb_text _builder_version=\u00bb4.4.8&#8243; header_font=\u00bb|800|||||||\u00bb header_text_color=\u00bb#6b6b6b\u00bb transform_scale=\u00bb118%|118%\u00bb]<\/p>\n<h1 style=\"text-align: left;\"><span style=\"color: #ffffff; font-size: xx-large;\">HISTORIA<\/span><\/h1>\n<p>[\/et_pb_text][\/et_pb_column][\/et_pb_row][\/et_pb_section][et_pb_section fb_built=\u00bb1&#8243; _builder_version=\u00bb4.4.8&#8243; min_height=\u00bb695px\u00bb custom_padding=\u00bb0px|||||\u00bb][et_pb_row _builder_version=\u00bb4.4.8&#8243; custom_padding=\u00bb|76px||||\u00bb][et_pb_column type=\u00bb4_4&#8243; _builder_version=\u00bb4.4.8&#8243;][et_pb_text _builder_version=\u00bb4.4.8&#8243; custom_margin=\u00bb71px|||||\u00bb custom_padding=\u00bb|||25px||\u00bb]<\/p>\n<p style=\"text-align: justify;\"><span style=\"font-size: x-large;\"><strong><\/strong><\/span><\/p>\n<p style=\"text-align: justify;\"><span style=\"font-size: x-large; color: #13843d;\"><strong>LA NUEVA ETAPA DE FUPNAPIB<\/strong><\/span><\/p>\n<p style=\"text-align: justify;\"><span style=\"font-size: x-large;\"><\/span><\/p>\n<p style=\"text-align: justify; padding-left: 60px;\"><span style=\"font-size: x-large;\"><\/span><\/p>\n<p style=\"text-align: justify; padding-left: 60px;\"><span style=\"font-size: x-large;\"><\/span><\/p>\n<p style=\"text-align: justify; padding-left: 60px;\"><span style=\"font-size: x-large;\"><\/span><\/p>\n<p style=\"text-align: justify; padding-left: 60px;\"><span style=\"font-size: x-large;\"><\/span><\/p>\n<p style=\"text-align: justify; padding-left: 60px;\"><span style=\"font-size: x-large;\">Cuando el gobierno del poder ciudadano se encontraba en su tercer a\u00f1o y se polarizaban m\u00e1s las posiciones entre la empresa privada y el gobernante Manuel Zelaya Rosales, en ese momento se dio un verdadero sisma en la FUPNAPIB que tuvo como resultado un cambio radical de la Junta Directa y consecuentemente un cambio de enfoque en la conducci\u00f3n de la organizaci\u00f3n ambientalista.<\/span><\/p>\n<p style=\"text-align: justify; padding-left: 60px;\"><span style=\"font-size: x-large;\">Para el 2007 bastante gente en la FUPNAPIB ha venido tomando conciencia de que su trabajo no solamente consiste en la vigilancia del PNPB sino que deber\u00e1n defenderse de algunas pol\u00edticas y actuaciones del Estado mismo, que tambi\u00e9n deben defender el parque y sus comunidades de los intereses manifiestos de empresarios y de funcionarios del estado que se coluden con ellos. En este sentido un grupo de empleados ven\u00eda considerando que la Junta Directiva de la FUPNAPIB estaba, desde hace d\u00edas, desviando los intereses fundamentales de la fundaci\u00f3n, en su lugar se hac\u00edan acciones para apoyar los negocios tur\u00edsticos, maderables e hidroel\u00e9ctricos que favorec\u00edan a algunos directivos, sus familiares y\/o amigos empresarios.<\/span><\/p>\n<p style=\"text-align: justify; padding-left: 60px;\"><span style=\"font-size: x-large;\">En noviembre de 2008 se dan tres hechos interesantes, el primero de ellos es que el gobierno de la rep\u00fablica genera incentivos para que existan emprendimientos hidroel\u00e9ctricos que incrementen la generaci\u00f3n de energ\u00eda el\u00e9ctrica v\u00eda recursos renovables y que as\u00ed se logre disminuir la generaci\u00f3n t\u00e9rmica. El segundo hecho es que la Direcci\u00f3n Ejecutiva de la FUPNAPIB ha recibido comunicaci\u00f3n de parte de la Secretaria de Recursos Naturales y Ambiente (SERNA) en donde aparece un listado de 16 solicitudes de proyectos hidroel\u00e9ctricos que se pretenden instalar en el \u00e1rea del PNPB, finalmente el tercer hecho es que la Junta Directiva de la FUPNAPIB del periodo 2007-2008, en la cual aparentemente existen miembros que apoyan la instalaci\u00f3n de hidroel\u00e9ctricas en el PNPB, ya ces\u00f3 en sus funciones.<\/span><\/p>\n<p style=\"text-align: justify; padding-left: 60px;\"><span style=\"font-size: x-large;\">Mientras esto suced\u00eda, el presidente de la Junta Directiva convoca, el 8 de noviembre de 2008, a una asamblea extraordinaria, en ella participan misma un grupo de t\u00e9cnicos de la fundaci\u00f3n, aunque en ese momento lo hacen como asamble\u00edstas como todos los dem\u00e1s, hasta cierto punto estaban frustrados por lo que suced\u00eda en la organizaci\u00f3n, asumen r\u00e1pidamente un rol activo por primera vez e intervienen para que su vos y voto fuera tomado en cuenta como parte del ejercicio leg\u00edtimo del derecho de ser miembros de la fundaci\u00f3n. La asamblea elige una Junta Provisional y esta junta convoca a una asamblea ordinaria el 13 de diciembre del mismo a\u00f1o y se establece una nueva Junta Directiva en propiedad.<\/span><\/p>\n<p style=\"text-align: justify; padding-left: 60px;\"><span style=\"font-size: x-large;\">Consolidaci\u00f3n del nuevo equipo de trabajo Las reacciones de la Junta Directiva depuesta, m\u00e1s los actos de corrupci\u00f3n de antiguos empleados de la fundaci\u00f3n, sometieron a la nueva Junta Directiva a una presi\u00f3n sin precedentes. Demandas por prestaciones laborales, embargo del edificio y los autom\u00f3viles de trabajo, finalizaci\u00f3n de los contratos de apoyo econ\u00f3mico y t\u00e9cnico de todas las fuentes externas que apoyaban a la FUPNAPIB, presiones ante la institucionalidad del Estado para dejar sin efecto la nueva Junta Directiva o para que les fuese negada la renovaci\u00f3n del manejo del PNPB, fueron entre otras las presiones que este novel grupo de trabajo tuvo que enfrentar durante el periodo 2008-2013. No obstante lo anterior el nuevo equipo de direcci\u00f3n de la FUPNAPIB contaba en su haber con algunas fortalezas que en esta crisis contribuy\u00f3 a acrecentar, uno de esos elementos era su v\u00ednculo con las comunidades y sus liderazgos, vale recordar que las y los t\u00e9cnicos de la fundaci\u00f3n pasaban muchas horas en franca comunicaci\u00f3n cotidiana, en talleres de capacitaci\u00f3n, en jornadas de delimitaci\u00f3n del parque, en b\u00fasqueda de soluciones para el mejor aprovechamiento del agua para consumo humano y de irrigaci\u00f3n, y otros usos. Todas estas acciones convirtieron a los nuevos directivos\u00a0de la FUPNAPIB en gente de suma confianza para las Juntas de Agua, Patronatos y diferentes tipos de comit\u00e9s que eran representativos de las poblaciones que forman parte del PNPB.<\/span><\/p>\n<p style=\"text-align: justify; padding-left: 60px;\"><span style=\"font-size: x-large;\">El proceso de reenfoque hacia una organizaci\u00f3n ambientalista que defiende los territorios del PNPB desde una plataforma de Derechos Humanos no hubiese sido posible sino se dan al menos tres condiciones, la primera de ella es la capacidad de resistencia m\u00e1s all\u00e1 de las necesidades materiales con que ha contado el nuevo equipo de trabajo, durante al menos 3 a\u00f1os, 2008-2010, el personal de FUPNAPIB no goz\u00f3 de salarios, luego comenz\u00f3 con salarios muy incipientes y aun hasta este d\u00eda los mismos son bastante bajos. La segunda condici\u00f3n fue la capacitaci\u00f3n en materia de derechos humanos que se recibi\u00f3 de distintas fuentes, esto contribuy\u00f3 con la argumentaci\u00f3n que empoder\u00f3 definitivamente a los pueblos. La tercera y m\u00e1s importante condici\u00f3n fue el apoyo de las comunidades sensibilizadas que han estado dispuestas al sacrificio, m\u00e1s all\u00e1 de la legalidad muchas veces adversa. <\/span><\/p>\n<p style=\"text-align: justify; padding-left: 60px;\"><span style=\"font-size: x-large;\">El proceso de cambio de FUPNAPIB, a partir de 2008, logro aplanar la toma de decisiones de la organizaci\u00f3n. Las decisiones han llegado a un nivel de participaci\u00f3n comunitaria tan efectiva que se puede afirmar que cada acto del equipo de trabajo es suficientemente leg\u00edtimo para ser desarrollado en cada una de las comunidades.<\/span><\/p>\n<p><strong style=\"font-size: 14px; text-align: left;\"><\/strong><\/p>\n<p>[\/et_pb_text][\/et_pb_column][\/et_pb_row][\/et_pb_section]<\/p>\n","protected":false},"excerpt":{"rendered":"<p>[et_pb_section fb_built=\u00bb1&#8243; next_background_color=\u00bb#ffffff\u00bb _builder_version=\u00bb4.4.8&#8243; background_enable_color=\u00bboff\u00bb background_image=\u00bbhttps:\/\/fupnapib.org\/wp-content\/uploads\/2018\/02\/cropped-rio2-1.jpg\u00bb background_blend=\u00bbdarken\u00bb max_width=\u00bb100%\u00bb min_height=\u00bb366px\u00bb custom_padding=\u00bb110px||0px|||\u00bb bottom_divider_style=\u00bbramp2&#8243; hover_enabled=\u00bb0&#8243; locked=\u00bboff\u00bb title_text=\u00bbcropped-rio2-1.jpg\u00bb][et_pb_row _builder_version=\u00bb4.4.8&#8243; custom_margin=\u00bb|auto||334px||\u00bb][et_pb_column type=\u00bb4_4&#8243; _builder_version=\u00bb4.4.8&#8243;][et_pb_text _builder_version=\u00bb4.4.8&#8243; header_font=\u00bb|800|||||||\u00bb header_text_color=\u00bb#6b6b6b\u00bb transform_scale=\u00bb118%|118%\u00bb] HISTORIA [\/et_pb_text][\/et_pb_column][\/et_pb_row][\/et_pb_section][et_pb_section fb_built=\u00bb1&#8243; _builder_version=\u00bb4.4.8&#8243; min_height=\u00bb695px\u00bb custom_padding=\u00bb0px|||||\u00bb][et_pb_row _builder_version=\u00bb4.4.8&#8243; custom_padding=\u00bb|76px||||\u00bb][et_pb_column type=\u00bb4_4&#8243; _builder_version=\u00bb4.4.8&#8243;][et_pb_text _builder_version=\u00bb4.4.8&#8243; custom_margin=\u00bb71px|||||\u00bb custom_padding=\u00bb|||25px||\u00bb] LA NUEVA ETAPA DE FUPNAPIB Cuando el gobierno del poder ciudadano se encontraba en su tercer a\u00f1o y se polarizaban [&hellip;]<\/p>\n","protected":false},"author":2,"featured_media":0,"parent":0,"menu_order":0,"comment_status":"closed","ping_status":"closed","template":"","meta":{"_et_pb_use_builder":"on","_et_pb_old_content":"","_et_gb_content_width":"","footnotes":"","_links_to":"","_links_to_target":""},"class_list":["post-2622","page","type-page","status-publish","hentry"],"yoast_head":"<!-- This site is optimized with the Yoast SEO plugin v24.6 - https:\/\/yoast.com\/wordpress\/plugins\/seo\/ -->\n<title>Historia - FUPNAPIB<\/title>\n<meta name=\"robots\" content=\"index, follow, max-snippet:-1, max-image-preview:large, max-video-preview:-1\" \/>\n<link rel=\"canonical\" href=\"https:\/\/fupnapib.org\/?page_id=2622\" \/>\n<meta property=\"og:locale\" content=\"es_ES\" \/>\n<meta property=\"og:type\" content=\"article\" \/>\n<meta property=\"og:title\" content=\"Historia - FUPNAPIB\" \/>\n<meta property=\"og:description\" content=\"[et_pb_section fb_built=\u00bb1&#8243; next_background_color=\u00bb#ffffff\u00bb _builder_version=\u00bb4.4.8&#8243; background_enable_color=\u00bboff\u00bb background_image=\u00bbhttps:\/\/fupnapib.org\/wp-content\/uploads\/2018\/02\/cropped-rio2-1.jpg\u00bb background_blend=\u00bbdarken\u00bb max_width=\u00bb100%\u00bb min_height=\u00bb366px\u00bb custom_padding=\u00bb110px||0px|||\u00bb bottom_divider_style=\u00bbramp2&#8243; hover_enabled=\u00bb0&#8243; locked=\u00bboff\u00bb title_text=\u00bbcropped-rio2-1.jpg\u00bb][et_pb_row _builder_version=\u00bb4.4.8&#8243; custom_margin=\u00bb|auto||334px||\u00bb][et_pb_column type=\u00bb4_4&#8243; _builder_version=\u00bb4.4.8&#8243;][et_pb_text _builder_version=\u00bb4.4.8&#8243; header_font=\u00bb|800|||||||\u00bb header_text_color=\u00bb#6b6b6b\u00bb transform_scale=\u00bb118%|118%\u00bb] HISTORIA [\/et_pb_text][\/et_pb_column][\/et_pb_row][\/et_pb_section][et_pb_section fb_built=\u00bb1&#8243; _builder_version=\u00bb4.4.8&#8243; min_height=\u00bb695px\u00bb custom_padding=\u00bb0px|||||\u00bb][et_pb_row _builder_version=\u00bb4.4.8&#8243; custom_padding=\u00bb|76px||||\u00bb][et_pb_column type=\u00bb4_4&#8243; _builder_version=\u00bb4.4.8&#8243;][et_pb_text _builder_version=\u00bb4.4.8&#8243; custom_margin=\u00bb71px|||||\u00bb custom_padding=\u00bb|||25px||\u00bb] LA NUEVA ETAPA DE FUPNAPIB Cuando el gobierno del poder ciudadano se encontraba en su tercer a\u00f1o y se polarizaban [&hellip;]\" \/>\n<meta property=\"og:url\" content=\"https:\/\/fupnapib.org\/?page_id=2622\" \/>\n<meta property=\"og:site_name\" content=\"FUPNAPIB\" \/>\n<meta property=\"article:publisher\" content=\"https:\/\/www.facebook.com\/fupnapibOficial\/\" \/>\n<meta property=\"article:modified_time\" content=\"2025-02-17T04:41:00+00:00\" \/>\n<meta name=\"twitter:card\" content=\"summary_large_image\" \/>\n<meta name=\"twitter:site\" content=\"@fupnapib\" \/>\n<meta name=\"twitter:label1\" content=\"Tiempo de lectura\" \/>\n\t<meta name=\"twitter:data1\" content=\"5 minutos\" \/>\n<script type=\"application\/ld+json\" class=\"yoast-schema-graph\">{\"@context\":\"https:\/\/schema.org\",\"@graph\":[{\"@type\":\"WebPage\",\"@id\":\"https:\/\/fupnapib.org\/?page_id=2622\",\"url\":\"https:\/\/fupnapib.org\/?page_id=2622\",\"name\":\"Historia - FUPNAPIB\",\"isPartOf\":{\"@id\":\"https:\/\/fupnapib.org\/#website\"},\"datePublished\":\"2020-11-16T19:50:01+00:00\",\"dateModified\":\"2025-02-17T04:41:00+00:00\",\"breadcrumb\":{\"@id\":\"https:\/\/fupnapib.org\/?page_id=2622#breadcrumb\"},\"inLanguage\":\"es\",\"potentialAction\":[{\"@type\":\"ReadAction\",\"target\":[\"https:\/\/fupnapib.org\/?page_id=2622\"]}]},{\"@type\":\"BreadcrumbList\",\"@id\":\"https:\/\/fupnapib.org\/?page_id=2622#breadcrumb\",\"itemListElement\":[{\"@type\":\"ListItem\",\"position\":1,\"name\":\"Portada\",\"item\":\"https:\/\/fupnapib.org\/\"},{\"@type\":\"ListItem\",\"position\":2,\"name\":\"Historia\"}]},{\"@type\":\"WebSite\",\"@id\":\"https:\/\/fupnapib.org\/#website\",\"url\":\"https:\/\/fupnapib.org\/\",\"name\":\"FUPNAPIB\",\"description\":\"Fundaci\u00f3n Parque Nacional Pico Bonito\",\"publisher\":{\"@id\":\"https:\/\/fupnapib.org\/#organization\"},\"potentialAction\":[{\"@type\":\"SearchAction\",\"target\":{\"@type\":\"EntryPoint\",\"urlTemplate\":\"https:\/\/fupnapib.org\/?s={search_term_string}\"},\"query-input\":{\"@type\":\"PropertyValueSpecification\",\"valueRequired\":true,\"valueName\":\"search_term_string\"}}],\"inLanguage\":\"es\"},{\"@type\":\"Organization\",\"@id\":\"https:\/\/fupnapib.org\/#organization\",\"name\":\"Fundaci\u00f3n Parque Nacional Pico Bonito\",\"url\":\"https:\/\/fupnapib.org\/\",\"logo\":{\"@type\":\"ImageObject\",\"inLanguage\":\"es\",\"@id\":\"https:\/\/fupnapib.org\/#\/schema\/logo\/image\/\",\"url\":\"https:\/\/i0.wp.com\/fupnapib.org\/wp-content\/uploads\/2020\/11\/Logo_miniatura.png?fit=93%2C109&ssl=1\",\"contentUrl\":\"https:\/\/i0.wp.com\/fupnapib.org\/wp-content\/uploads\/2020\/11\/Logo_miniatura.png?fit=93%2C109&ssl=1\",\"width\":93,\"height\":109,\"caption\":\"Fundaci\u00f3n Parque Nacional Pico Bonito\"},\"image\":{\"@id\":\"https:\/\/fupnapib.org\/#\/schema\/logo\/image\/\"},\"sameAs\":[\"https:\/\/www.facebook.com\/fupnapibOficial\/\",\"https:\/\/x.com\/fupnapib\",\"https:\/\/www.instagram.com\/fupnapib_oficial\/\"]}]}<\/script>\n<!-- \/ Yoast SEO plugin. -->","yoast_head_json":{"title":"Historia - FUPNAPIB","robots":{"index":"index","follow":"follow","max-snippet":"max-snippet:-1","max-image-preview":"max-image-preview:large","max-video-preview":"max-video-preview:-1"},"canonical":"https:\/\/fupnapib.org\/?page_id=2622","og_locale":"es_ES","og_type":"article","og_title":"Historia - FUPNAPIB","og_description":"[et_pb_section fb_built=\u00bb1&#8243; next_background_color=\u00bb#ffffff\u00bb _builder_version=\u00bb4.4.8&#8243; background_enable_color=\u00bboff\u00bb background_image=\u00bbhttps:\/\/fupnapib.org\/wp-content\/uploads\/2018\/02\/cropped-rio2-1.jpg\u00bb background_blend=\u00bbdarken\u00bb max_width=\u00bb100%\u00bb min_height=\u00bb366px\u00bb custom_padding=\u00bb110px||0px|||\u00bb bottom_divider_style=\u00bbramp2&#8243; hover_enabled=\u00bb0&#8243; locked=\u00bboff\u00bb title_text=\u00bbcropped-rio2-1.jpg\u00bb][et_pb_row _builder_version=\u00bb4.4.8&#8243; custom_margin=\u00bb|auto||334px||\u00bb][et_pb_column type=\u00bb4_4&#8243; _builder_version=\u00bb4.4.8&#8243;][et_pb_text _builder_version=\u00bb4.4.8&#8243; header_font=\u00bb|800|||||||\u00bb header_text_color=\u00bb#6b6b6b\u00bb transform_scale=\u00bb118%|118%\u00bb] HISTORIA [\/et_pb_text][\/et_pb_column][\/et_pb_row][\/et_pb_section][et_pb_section fb_built=\u00bb1&#8243; _builder_version=\u00bb4.4.8&#8243; min_height=\u00bb695px\u00bb custom_padding=\u00bb0px|||||\u00bb][et_pb_row _builder_version=\u00bb4.4.8&#8243; custom_padding=\u00bb|76px||||\u00bb][et_pb_column type=\u00bb4_4&#8243; _builder_version=\u00bb4.4.8&#8243;][et_pb_text _builder_version=\u00bb4.4.8&#8243; custom_margin=\u00bb71px|||||\u00bb custom_padding=\u00bb|||25px||\u00bb] LA NUEVA ETAPA DE FUPNAPIB Cuando el gobierno del poder ciudadano se encontraba en su tercer a\u00f1o y se polarizaban [&hellip;]","og_url":"https:\/\/fupnapib.org\/?page_id=2622","og_site_name":"FUPNAPIB","article_publisher":"https:\/\/www.facebook.com\/fupnapibOficial\/","article_modified_time":"2025-02-17T04:41:00+00:00","twitter_card":"summary_large_image","twitter_site":"@fupnapib","twitter_misc":{"Tiempo de lectura":"5 minutos"},"schema":{"@context":"https:\/\/schema.org","@graph":[{"@type":"WebPage","@id":"https:\/\/fupnapib.org\/?page_id=2622","url":"https:\/\/fupnapib.org\/?page_id=2622","name":"Historia - FUPNAPIB","isPartOf":{"@id":"https:\/\/fupnapib.org\/#website"},"datePublished":"2020-11-16T19:50:01+00:00","dateModified":"2025-02-17T04:41:00+00:00","breadcrumb":{"@id":"https:\/\/fupnapib.org\/?page_id=2622#breadcrumb"},"inLanguage":"es","potentialAction":[{"@type":"ReadAction","target":["https:\/\/fupnapib.org\/?page_id=2622"]}]},{"@type":"BreadcrumbList","@id":"https:\/\/fupnapib.org\/?page_id=2622#breadcrumb","itemListElement":[{"@type":"ListItem","position":1,"name":"Portada","item":"https:\/\/fupnapib.org\/"},{"@type":"ListItem","position":2,"name":"Historia"}]},{"@type":"WebSite","@id":"https:\/\/fupnapib.org\/#website","url":"https:\/\/fupnapib.org\/","name":"FUPNAPIB","description":"Fundaci\u00f3n Parque Nacional Pico Bonito","publisher":{"@id":"https:\/\/fupnapib.org\/#organization"},"potentialAction":[{"@type":"SearchAction","target":{"@type":"EntryPoint","urlTemplate":"https:\/\/fupnapib.org\/?s={search_term_string}"},"query-input":{"@type":"PropertyValueSpecification","valueRequired":true,"valueName":"search_term_string"}}],"inLanguage":"es"},{"@type":"Organization","@id":"https:\/\/fupnapib.org\/#organization","name":"Fundaci\u00f3n Parque Nacional Pico Bonito","url":"https:\/\/fupnapib.org\/","logo":{"@type":"ImageObject","inLanguage":"es","@id":"https:\/\/fupnapib.org\/#\/schema\/logo\/image\/","url":"https:\/\/i0.wp.com\/fupnapib.org\/wp-content\/uploads\/2020\/11\/Logo_miniatura.png?fit=93%2C109&ssl=1","contentUrl":"https:\/\/i0.wp.com\/fupnapib.org\/wp-content\/uploads\/2020\/11\/Logo_miniatura.png?fit=93%2C109&ssl=1","width":93,"height":109,"caption":"Fundaci\u00f3n Parque Nacional Pico Bonito"},"image":{"@id":"https:\/\/fupnapib.org\/#\/schema\/logo\/image\/"},"sameAs":["https:\/\/www.facebook.com\/fupnapibOficial\/","https:\/\/x.com\/fupnapib","https:\/\/www.instagram.com\/fupnapib_oficial\/"]}]}},"_links":{"self":[{"href":"https:\/\/fupnapib.org\/index.php?rest_route=\/wp\/v2\/pages\/2622","targetHints":{"allow":["GET"]}}],"collection":[{"href":"https:\/\/fupnapib.org\/index.php?rest_route=\/wp\/v2\/pages"}],"about":[{"href":"https:\/\/fupnapib.org\/index.php?rest_route=\/wp\/v2\/types\/page"}],"author":[{"embeddable":true,"href":"https:\/\/fupnapib.org\/index.php?rest_route=\/wp\/v2\/users\/2"}],"replies":[{"embeddable":true,"href":"https:\/\/fupnapib.org\/index.php?rest_route=%2Fwp%2Fv2%2Fcomments&post=2622"}],"version-history":[{"count":27,"href":"https:\/\/fupnapib.org\/index.php?rest_route=\/wp\/v2\/pages\/2622\/revisions"}],"predecessor-version":[{"id":4460,"href":"https:\/\/fupnapib.org\/index.php?rest_route=\/wp\/v2\/pages\/2622\/revisions\/4460"}],"wp:attachment":[{"href":"https:\/\/fupnapib.org\/index.php?rest_route=%2Fwp%2Fv2%2Fmedia&parent=2622"}],"curies":[{"name":"wp","href":"https:\/\/api.w.org\/{rel}","templated":true}]}}