{"id":4531,"date":"2025-03-10T12:45:19","date_gmt":"2025-03-10T18:45:19","guid":{"rendered":"https:\/\/fupnapib.org\/?page_id=4531"},"modified":"2025-03-10T17:56:20","modified_gmt":"2025-03-10T23:56:20","slug":"anfibios","status":"publish","type":"page","link":"https:\/\/fupnapib.org\/?page_id=4531","title":{"rendered":"Anfibios"},"content":{"rendered":"<p>[et_pb_section fb_built=\u00bb1&#8243; next_background_color=\u00bb#ffffff\u00bb _builder_version=\u00bb4.4.8&#8243; background_enable_color=\u00bboff\u00bb background_image=\u00bbhttps:\/\/fupnapib.org\/wp-content\/uploads\/2025\/03\/fairy-tale-ambiance-magical-autumn-forest-backgrou-2024-10-12-11-08-25-utc-scaled.jpg\u00bb background_position=\u00bbbottom_right\u00bb background_blend=\u00bbdarken\u00bb max_width=\u00bb100%\u00bb min_height=\u00bb270px\u00bb custom_padding=\u00bb85px||9px|||\u00bb bottom_divider_style=\u00bbramp2&#8243;][et_pb_row _builder_version=\u00bb4.4.8&#8243; custom_margin=\u00bb|265px||265px||true\u00bb][et_pb_column type=\u00bb4_4&#8243; _builder_version=\u00bb4.4.8&#8243;][et_pb_text _builder_version=\u00bb4.4.8&#8243; header_font=\u00bb|800|||||||\u00bb header_text_color=\u00bb#6b6b6b\u00bb transform_scale=\u00bb118%|118%\u00bb hover_enabled=\u00bb0&#8243; text_letter_spacing=\u00bb5px\u00bb]<\/p>\n<h1 style=\"text-align: left;\"><span style=\"font-size: xx-large; color: #ffffff;\">Anfibios<\/span><\/h1>\n<p>[\/et_pb_text][\/et_pb_column][\/et_pb_row][\/et_pb_section][et_pb_section fb_built=\u00bb1&#8243; _builder_version=\u00bb4.4.8&#8243; custom_padding=\u00bb13px|||||\u00bb][et_pb_row _builder_version=\u00bb4.4.8&#8243; custom_margin=\u00bb|auto||173px||\u00bb][et_pb_column type=\u00bb4_4&#8243; _builder_version=\u00bb4.4.8&#8243;][et_pb_text _builder_version=\u00bb4.4.8&#8243; custom_margin=\u00bb|32px||||\u00bb custom_padding=\u00bb100px|||||\u00bb]<\/p>\n<h2 style=\"text-align: center;\"><\/h2>\n<h2 style=\"text-align: center;\"><strong style=\"text-align: left;\"><span color=\"#008000\" style=\"color: #008000;\"><\/span><\/strong><\/h2>\n<h2 style=\"text-align: center;\"><strong style=\"text-align: left;\"><span color=\"#008000\" style=\"color: #008000;\">EN CONSTRUCCI\u00d3N<\/span><\/strong><\/h2>\n<h2 style=\"text-align: center;\"><strong style=\"font-size: 14px; text-align: left; color: #666666;\"><\/strong><\/h2>\n<h2 style=\"text-align: center;\"><strong style=\"font-size: 14px; text-align: left; color: #666666;\"><\/strong><\/h2>\n<h2 style=\"text-align: center;\"><strong style=\"font-size: 14px; text-align: left; color: #666666;\">\u00a0<\/strong><\/h2>\n<p style=\"text-align: justify;\">Lorem ipsum dolor sit amet, consectetur adipiscing elit. Sed do eiusmod tempor incididunt ut labore et dolore magna aliqua. Ut enim ad minim veniam, quis nostrud exercitation ullamco laboris nisi ut aliquip ex ea commodo consequat. Duis aute irure dolor in reprehenderit in voluptate velit esse cillum dolore eu fugiat nulla pariatur. Excepteur sint occaecat cupidatat non proident, sunt in culpa qui officia deserunt mollit anim id est laborum.<\/p>\n<ul><\/ul>\n<p>[\/et_pb_text][\/et_pb_column][\/et_pb_row][\/et_pb_section]<\/p>\n","protected":false},"excerpt":{"rendered":"<p>[et_pb_section fb_built=\u00bb1&#8243; next_background_color=\u00bb#ffffff\u00bb _builder_version=\u00bb4.4.8&#8243; background_enable_color=\u00bboff\u00bb background_image=\u00bbhttps:\/\/fupnapib.org\/wp-content\/uploads\/2025\/03\/fairy-tale-ambiance-magical-autumn-forest-backgrou-2024-10-12-11-08-25-utc-scaled.jpg\u00bb background_position=\u00bbbottom_right\u00bb background_blend=\u00bbdarken\u00bb max_width=\u00bb100%\u00bb min_height=\u00bb270px\u00bb custom_padding=\u00bb85px||9px|||\u00bb bottom_divider_style=\u00bbramp2&#8243;][et_pb_row _builder_version=\u00bb4.4.8&#8243; custom_margin=\u00bb|265px||265px||true\u00bb][et_pb_column type=\u00bb4_4&#8243; _builder_version=\u00bb4.4.8&#8243;][et_pb_text _builder_version=\u00bb4.4.8&#8243; header_font=\u00bb|800|||||||\u00bb header_text_color=\u00bb#6b6b6b\u00bb transform_scale=\u00bb118%|118%\u00bb hover_enabled=\u00bb0&#8243; text_letter_spacing=\u00bb5px\u00bb] Anfibios [\/et_pb_text][\/et_pb_column][\/et_pb_row][\/et_pb_section][et_pb_section fb_built=\u00bb1&#8243; _builder_version=\u00bb4.4.8&#8243; custom_padding=\u00bb13px|||||\u00bb][et_pb_row _builder_version=\u00bb4.4.8&#8243; custom_margin=\u00bb|auto||173px||\u00bb][et_pb_column type=\u00bb4_4&#8243; _builder_version=\u00bb4.4.8&#8243;][et_pb_text _builder_version=\u00bb4.4.8&#8243; custom_margin=\u00bb|32px||||\u00bb custom_padding=\u00bb100px|||||\u00bb] EN CONSTRUCCI\u00d3N \u00a0 Lorem ipsum dolor sit amet, consectetur adipiscing elit. Sed do eiusmod tempor incididunt ut labore et dolore magna [&hellip;]<\/p>\n","protected":false},"author":1,"featured_media":0,"parent":0,"menu_order":0,"comment_status":"closed","ping_status":"closed","template":"","meta":{"_et_pb_use_builder":"on","_et_pb_old_content":"<!-- wp:heading {\"customTextColor\":\"#1a6624\"} -->\n<h2 class=\"has-text-color\" style=\"color:#1a6624\">\u00bfQu\u00e9 es la CONROA?<\/h2>\n<!-- \/wp:heading -->\n\n<!-- wp:media-text {\"mediaId\":207,\"mediaLink\":\"https:\/\/fupnapib.conroa.org\/?attachment_id=207\",\"mediaType\":\"image\",\"mediaWidth\":44,\"imageFill\":true} -->\n<div class=\"wp-block-media-text alignwide is-stacked-on-mobile is-image-fill\" style=\"grid-template-columns:44% auto\"><figure class=\"wp-block-media-text__media\" style=\"background-image:url(https:\/\/fupnapib.conroa.org\/wp-content\/uploads\/2020\/06\/1002.png);background-position:50% 50%\"><img src=\"https:\/\/fupnapib.conroa.org\/wp-content\/uploads\/2020\/06\/1002.png\" alt=\"\" class=\"wp-image-207\"\/><\/figure><div class=\"wp-block-media-text__content\"><!-- wp:paragraph {\"placeholder\":\"Contenido\u2026\",\"backgroundColor\":\"very-light-gray\"} -->\n<p class=\"has-background has-very-light-gray-background-color\">Es un espacio de articulaci\u00f3n nacional que aglutina en su seno a diferentes organizaciones de base, ONGs y redes nacionales que en conjunto luchan por la defensa de los territorios<\/p>\n<!-- \/wp:paragraph --><\/div><\/div>\n<!-- \/wp:media-text -->\n\n<!-- wp:separator {\"className\":\"is-style-wide\"} -->\n<hr class=\"wp-block-separator is-style-wide\"\/>\n<!-- \/wp:separator -->\n\n<!-- wp:heading {\"customTextColor\":\"#1a6624\"} -->\n<h2 class=\"has-text-color\" style=\"color:#1a6624\">\u00bfS\u00f3lo organizaciones ambientales integran la CONROA ?<\/h2>\n<!-- \/wp:heading -->\n\n<!-- wp:media-text {\"mediaId\":216,\"mediaLink\":\"https:\/\/fupnapib.conroa.org\/?attachment_id=216\",\"mediaType\":\"image\",\"mediaWidth\":45,\"imageFill\":true} -->\n<div class=\"wp-block-media-text alignwide is-stacked-on-mobile is-image-fill\" style=\"grid-template-columns:45% auto\"><figure class=\"wp-block-media-text__media\" style=\"background-image:url(https:\/\/fupnapib.conroa.org\/wp-content\/uploads\/2020\/06\/1004.png);background-position:50% 50%\"><img src=\"https:\/\/fupnapib.conroa.org\/wp-content\/uploads\/2020\/06\/1004.png\" alt=\"\" class=\"wp-image-216\"\/><\/figure><div class=\"wp-block-media-text__content\"><!-- wp:paragraph {\"placeholder\":\"Contenido\u2026\",\"backgroundColor\":\"very-light-gray\"} -->\n<p class=\"has-background has-very-light-gray-background-color\">La CONROA la conforman, grupos y organizaciones ambientalistas , organizaciones de productores agr\u00edcolas especialmente de producci\u00f3n agroecol\u00f3gica , organizaciones de Derechos Humanos y organizaciones Religiosas entre otros.<\/p>\n<!-- \/wp:paragraph --><\/div><\/div>\n<!-- \/wp:media-text -->\n\n<!-- wp:separator {\"className\":\"is-style-wide\"} -->\n<hr class=\"wp-block-separator is-style-wide\"\/>\n<!-- \/wp:separator -->\n\n<!-- wp:heading {\"customTextColor\":\"#1a6624\"} -->\n<h2 class=\"has-text-color\" style=\"color:#1a6624\">\u00bfC\u00f3mo se estructura la CONROA?<\/h2>\n<!-- \/wp:heading -->\n\n<!-- wp:media-text {\"mediaId\":210,\"mediaLink\":\"https:\/\/fupnapib.conroa.org\/?attachment_id=210\",\"mediaType\":\"image\",\"mediaWidth\":43,\"imageFill\":true} -->\n<div class=\"wp-block-media-text alignwide is-stacked-on-mobile is-image-fill\" style=\"grid-template-columns:43% auto\"><figure class=\"wp-block-media-text__media\" style=\"background-image:url(https:\/\/fupnapib.conroa.org\/wp-content\/uploads\/2020\/06\/1003.png);background-position:50% 50%\"><img src=\"https:\/\/fupnapib.conroa.org\/wp-content\/uploads\/2020\/06\/1003.png\" alt=\"\" class=\"wp-image-210\"\/><\/figure><div class=\"wp-block-media-text__content\"><!-- wp:paragraph {\"backgroundColor\":\"very-light-gray\"} -->\n<p class=\"has-background has-very-light-gray-background-color\">\u2022 Una Asamblea que la integran todas las organizaciones , instituciones y Redes Nacionales.     ( Esta se re\u00fane dos veces al a\u00f1o ) <\/p>\n<!-- \/wp:paragraph -->\n\n<!-- wp:paragraph {\"backgroundColor\":\"very-light-gray\"} -->\n<p class=\"has-background has-very-light-gray-background-color\">\u2022 Un comit\u00e9 Ejecutivo , principalmente integrado por representantes de las organizaciones regionales ( se re\u00fane cada tres meses o de acuerdo a las urgencias que se presentan ) <\/p>\n<!-- \/wp:paragraph -->\n\n<!-- wp:paragraph {\"backgroundColor\":\"very-light-gray\"} -->\n<p class=\"has-background has-very-light-gray-background-color\">\u2022 Una Instituci\u00f3n Coordinadora del espacio, que se encarga de que los mandatos de la asamblea y que son monitoreados por el comit\u00e9 ejecutivo sean recogidos en el plan estrat\u00e9gico y efectivamente ejecutados.<\/p>\n<!-- \/wp:paragraph --><\/div><\/div>\n<!-- \/wp:media-text -->\n\n<!-- wp:separator {\"className\":\"is-style-wide\"} -->\n<hr class=\"wp-block-separator is-style-wide\"\/>\n<!-- \/wp:separator -->\n\n<!-- wp:heading {\"customTextColor\":\"#1a6624\"} -->\n<h2 class=\"has-text-color\" style=\"color:#1a6624\">Toma de decisiones<\/h2>\n<!-- \/wp:heading -->\n\n<!-- wp:media-text {\"mediaId\":216,\"mediaLink\":\"https:\/\/fupnapib.conroa.org\/?attachment_id=216\",\"mediaType\":\"image\",\"mediaWidth\":43,\"imageFill\":true} -->\n<div class=\"wp-block-media-text alignwide is-stacked-on-mobile is-image-fill\" style=\"grid-template-columns:43% auto\"><figure class=\"wp-block-media-text__media\" style=\"background-image:url(https:\/\/fupnapib.conroa.org\/wp-content\/uploads\/2020\/06\/1004.png);background-position:50% 50%\"><img src=\"https:\/\/fupnapib.conroa.org\/wp-content\/uploads\/2020\/06\/1004.png\" alt=\"\" class=\"wp-image-216\"\/><\/figure><div class=\"wp-block-media-text__content\"><!-- wp:paragraph {\"backgroundColor\":\"very-light-gray\"} -->\n<p class=\"has-background has-very-light-gray-background-color\">\u2022 Se tiene un enfoque participativo <\/p>\n<!-- \/wp:paragraph -->\n\n<!-- wp:paragraph {\"backgroundColor\":\"very-light-gray\"} -->\n<p class=\"has-background has-very-light-gray-background-color\">\u2022 Todas las decisiones se toman por consenso y democr\u00e1ticamente <\/p>\n<!-- \/wp:paragraph -->\n\n<!-- wp:paragraph {\"backgroundColor\":\"very-light-gray\"} -->\n<p class=\"has-background has-very-light-gray-background-color\">\u2022 Se insta a que nuestras actuaciones sean coherentes entre nuestros mandatos y nuestras actuaciones \u2022Las organizaciones miembros de la CONROA, se apegan a la \u00e9tica y los valores consensuados.<\/p>\n<!-- \/wp:paragraph --><\/div><\/div>\n<!-- \/wp:media-text -->\n\n<!-- wp:separator {\"className\":\"is-style-wide\"} -->\n<hr class=\"wp-block-separator is-style-wide\"\/>\n<!-- \/wp:separator -->\n\n<!-- wp:heading {\"customTextColor\":\"#1a6624\"} -->\n<h2 class=\"has-text-color\" style=\"color:#1a6624\">\u00bfQu\u00e9 aportes se dan desde este espacio?<\/h2>\n<!-- \/wp:heading -->\n\n<!-- wp:media-text {\"mediaId\":237,\"mediaLink\":\"https:\/\/fupnapib.conroa.org\/?attachment_id=237\",\"mediaType\":\"image\",\"mediaWidth\":41,\"imageFill\":true,\"focalPoint\":{\"x\":\"0.52\",\"y\":\"0.49\"}} -->\n<div class=\"wp-block-media-text alignwide is-stacked-on-mobile is-image-fill\" style=\"grid-template-columns:41% auto\"><figure class=\"wp-block-media-text__media\" style=\"background-image:url(https:\/\/fupnapib.conroa.org\/wp-content\/uploads\/2020\/06\/1005-536x1024.png);background-position:52% 49%\"><img src=\"https:\/\/fupnapib.conroa.org\/wp-content\/uploads\/2020\/06\/1005-536x1024.png\" alt=\"\" class=\"wp-image-237\"\/><\/figure><div class=\"wp-block-media-text__content\"><!-- wp:paragraph {\"backgroundColor\":\"very-light-gray\"} -->\n<p class=\"has-background has-very-light-gray-background-color\">\u2022 Se construye desde este espacio un plan estrat\u00e9gico y pol\u00edtico <\/p>\n<!-- \/wp:paragraph -->\n\n<!-- wp:paragraph {\"backgroundColor\":\"very-light-gray\"} -->\n<p class=\"has-background has-very-light-gray-background-color\">\u2022 Se genera investigaci\u00f3n permanente sobre los procesos extractivistas en el pa\u00eds y&nbsp; pol\u00edticas gubernamentales. <\/p>\n<!-- \/wp:paragraph -->\n\n<!-- wp:paragraph {\"backgroundColor\":\"very-light-gray\"} -->\n<p class=\"has-background has-very-light-gray-background-color\">\u2022 Se da apoyo legal , log\u00edstico , t\u00e9cnico a las organizaciones de base sobre&nbsp; la diferente problem\u00e1tica que se les genera por la defensa Territorial. <\/p>\n<!-- \/wp:paragraph -->\n\n<!-- wp:paragraph {\"backgroundColor\":\"very-light-gray\"} -->\n<p class=\"has-background has-very-light-gray-background-color\">\u2022 Acciones de movilizaci\u00f3n conjunta contra pol\u00edticas gubernamentales y acciones de la empresa Privada Acciones de solidaridad nacional e internacional&nbsp; inmediata<\/p>\n<!-- \/wp:paragraph -->\n\n<!-- wp:paragraph {\"backgroundColor\":\"very-light-gray\"} -->\n<p class=\"has-background has-very-light-gray-background-color\">\u2022 Participaci\u00f3n en Redes Internacionales de defensores de Derechos Humanos, permitiendo respaldo directo a las organizaciones comunitarias. <\/p>\n<!-- \/wp:paragraph -->\n\n<!-- wp:paragraph {\"backgroundColor\":\"very-light-gray\"} -->\n<p class=\"has-background has-very-light-gray-background-color\">\u2022 Construcci\u00f3n de&nbsp; posicionamientos y enfoque de acciones de manera conjunta <\/p>\n<!-- \/wp:paragraph -->\n\n<!-- wp:paragraph {\"backgroundColor\":\"very-light-gray\"} -->\n<p class=\"has-background has-very-light-gray-background-color\">\u2022 Posibilidad de contar con un equipo multidisciplinario que da soporte a nuestras acciones de defensa territorial.<\/p>\n<!-- \/wp:paragraph -->\n\n<!-- wp:paragraph -->\n<p><\/p>\n<!-- \/wp:paragraph --><\/div><\/div>\n<!-- \/wp:media-text -->\n\n<!-- wp:separator {\"className\":\"is-style-wide\"} -->\n<hr class=\"wp-block-separator is-style-wide\"\/>\n<!-- \/wp:separator -->\n\n<!-- wp:paragraph -->\n<p><\/p>\n<!-- \/wp:paragraph -->","_et_gb_content_width":"","footnotes":"","_links_to":"","_links_to_target":""},"class_list":["post-4531","page","type-page","status-publish","hentry"],"yoast_head":"<!-- This site is optimized with the Yoast SEO plugin v24.6 - https:\/\/yoast.com\/wordpress\/plugins\/seo\/ -->\n<title>Anfibios - FUPNAPIB<\/title>\n<meta name=\"robots\" content=\"index, follow, max-snippet:-1, max-image-preview:large, max-video-preview:-1\" \/>\n<link rel=\"canonical\" href=\"https:\/\/fupnapib.org\/?page_id=4531\" \/>\n<meta property=\"og:locale\" content=\"es_ES\" \/>\n<meta property=\"og:type\" content=\"article\" \/>\n<meta property=\"og:title\" content=\"Anfibios - FUPNAPIB\" \/>\n<meta property=\"og:description\" content=\"[et_pb_section fb_built=\u00bb1&#8243; next_background_color=\u00bb#ffffff\u00bb _builder_version=\u00bb4.4.8&#8243; background_enable_color=\u00bboff\u00bb background_image=\u00bbhttps:\/\/fupnapib.org\/wp-content\/uploads\/2025\/03\/fairy-tale-ambiance-magical-autumn-forest-backgrou-2024-10-12-11-08-25-utc-scaled.jpg\u00bb background_position=\u00bbbottom_right\u00bb background_blend=\u00bbdarken\u00bb max_width=\u00bb100%\u00bb min_height=\u00bb270px\u00bb custom_padding=\u00bb85px||9px|||\u00bb bottom_divider_style=\u00bbramp2&#8243;][et_pb_row _builder_version=\u00bb4.4.8&#8243; custom_margin=\u00bb|265px||265px||true\u00bb][et_pb_column type=\u00bb4_4&#8243; _builder_version=\u00bb4.4.8&#8243;][et_pb_text _builder_version=\u00bb4.4.8&#8243; header_font=\u00bb|800|||||||\u00bb header_text_color=\u00bb#6b6b6b\u00bb transform_scale=\u00bb118%|118%\u00bb hover_enabled=\u00bb0&#8243; text_letter_spacing=\u00bb5px\u00bb] Anfibios [\/et_pb_text][\/et_pb_column][\/et_pb_row][\/et_pb_section][et_pb_section fb_built=\u00bb1&#8243; _builder_version=\u00bb4.4.8&#8243; custom_padding=\u00bb13px|||||\u00bb][et_pb_row _builder_version=\u00bb4.4.8&#8243; custom_margin=\u00bb|auto||173px||\u00bb][et_pb_column type=\u00bb4_4&#8243; _builder_version=\u00bb4.4.8&#8243;][et_pb_text _builder_version=\u00bb4.4.8&#8243; custom_margin=\u00bb|32px||||\u00bb custom_padding=\u00bb100px|||||\u00bb] EN CONSTRUCCI\u00d3N \u00a0 Lorem ipsum dolor sit amet, consectetur adipiscing elit. Sed do eiusmod tempor incididunt ut labore et dolore magna [&hellip;]\" \/>\n<meta property=\"og:url\" content=\"https:\/\/fupnapib.org\/?page_id=4531\" \/>\n<meta property=\"og:site_name\" content=\"FUPNAPIB\" \/>\n<meta property=\"article:publisher\" content=\"https:\/\/www.facebook.com\/fupnapibOficial\/\" \/>\n<meta property=\"article:modified_time\" content=\"2025-03-10T23:56:20+00:00\" \/>\n<meta name=\"twitter:card\" content=\"summary_large_image\" \/>\n<meta name=\"twitter:site\" content=\"@fupnapib\" \/>\n<meta name=\"twitter:label1\" content=\"Tiempo de lectura\" \/>\n\t<meta name=\"twitter:data1\" content=\"1 minuto\" \/>\n<script type=\"application\/ld+json\" class=\"yoast-schema-graph\">{\"@context\":\"https:\/\/schema.org\",\"@graph\":[{\"@type\":\"WebPage\",\"@id\":\"https:\/\/fupnapib.org\/?page_id=4531\",\"url\":\"https:\/\/fupnapib.org\/?page_id=4531\",\"name\":\"Anfibios - FUPNAPIB\",\"isPartOf\":{\"@id\":\"https:\/\/fupnapib.org\/#website\"},\"datePublished\":\"2025-03-10T18:45:19+00:00\",\"dateModified\":\"2025-03-10T23:56:20+00:00\",\"breadcrumb\":{\"@id\":\"https:\/\/fupnapib.org\/?page_id=4531#breadcrumb\"},\"inLanguage\":\"es\",\"potentialAction\":[{\"@type\":\"ReadAction\",\"target\":[\"https:\/\/fupnapib.org\/?page_id=4531\"]}]},{\"@type\":\"BreadcrumbList\",\"@id\":\"https:\/\/fupnapib.org\/?page_id=4531#breadcrumb\",\"itemListElement\":[{\"@type\":\"ListItem\",\"position\":1,\"name\":\"Portada\",\"item\":\"https:\/\/fupnapib.org\/\"},{\"@type\":\"ListItem\",\"position\":2,\"name\":\"Anfibios\"}]},{\"@type\":\"WebSite\",\"@id\":\"https:\/\/fupnapib.org\/#website\",\"url\":\"https:\/\/fupnapib.org\/\",\"name\":\"FUPNAPIB\",\"description\":\"Fundaci\u00f3n Parque Nacional Pico Bonito\",\"publisher\":{\"@id\":\"https:\/\/fupnapib.org\/#organization\"},\"potentialAction\":[{\"@type\":\"SearchAction\",\"target\":{\"@type\":\"EntryPoint\",\"urlTemplate\":\"https:\/\/fupnapib.org\/?s={search_term_string}\"},\"query-input\":{\"@type\":\"PropertyValueSpecification\",\"valueRequired\":true,\"valueName\":\"search_term_string\"}}],\"inLanguage\":\"es\"},{\"@type\":\"Organization\",\"@id\":\"https:\/\/fupnapib.org\/#organization\",\"name\":\"Fundaci\u00f3n Parque Nacional Pico Bonito\",\"url\":\"https:\/\/fupnapib.org\/\",\"logo\":{\"@type\":\"ImageObject\",\"inLanguage\":\"es\",\"@id\":\"https:\/\/fupnapib.org\/#\/schema\/logo\/image\/\",\"url\":\"https:\/\/i0.wp.com\/fupnapib.org\/wp-content\/uploads\/2020\/11\/Logo_miniatura.png?fit=93%2C109&ssl=1\",\"contentUrl\":\"https:\/\/i0.wp.com\/fupnapib.org\/wp-content\/uploads\/2020\/11\/Logo_miniatura.png?fit=93%2C109&ssl=1\",\"width\":93,\"height\":109,\"caption\":\"Fundaci\u00f3n Parque Nacional Pico Bonito\"},\"image\":{\"@id\":\"https:\/\/fupnapib.org\/#\/schema\/logo\/image\/\"},\"sameAs\":[\"https:\/\/www.facebook.com\/fupnapibOficial\/\",\"https:\/\/x.com\/fupnapib\",\"https:\/\/www.instagram.com\/fupnapib_oficial\/\"]}]}<\/script>\n<!-- \/ Yoast SEO plugin. -->","yoast_head_json":{"title":"Anfibios - FUPNAPIB","robots":{"index":"index","follow":"follow","max-snippet":"max-snippet:-1","max-image-preview":"max-image-preview:large","max-video-preview":"max-video-preview:-1"},"canonical":"https:\/\/fupnapib.org\/?page_id=4531","og_locale":"es_ES","og_type":"article","og_title":"Anfibios - FUPNAPIB","og_description":"[et_pb_section fb_built=\u00bb1&#8243; next_background_color=\u00bb#ffffff\u00bb _builder_version=\u00bb4.4.8&#8243; background_enable_color=\u00bboff\u00bb background_image=\u00bbhttps:\/\/fupnapib.org\/wp-content\/uploads\/2025\/03\/fairy-tale-ambiance-magical-autumn-forest-backgrou-2024-10-12-11-08-25-utc-scaled.jpg\u00bb background_position=\u00bbbottom_right\u00bb background_blend=\u00bbdarken\u00bb max_width=\u00bb100%\u00bb min_height=\u00bb270px\u00bb custom_padding=\u00bb85px||9px|||\u00bb bottom_divider_style=\u00bbramp2&#8243;][et_pb_row _builder_version=\u00bb4.4.8&#8243; custom_margin=\u00bb|265px||265px||true\u00bb][et_pb_column type=\u00bb4_4&#8243; _builder_version=\u00bb4.4.8&#8243;][et_pb_text _builder_version=\u00bb4.4.8&#8243; header_font=\u00bb|800|||||||\u00bb header_text_color=\u00bb#6b6b6b\u00bb transform_scale=\u00bb118%|118%\u00bb hover_enabled=\u00bb0&#8243; text_letter_spacing=\u00bb5px\u00bb] Anfibios [\/et_pb_text][\/et_pb_column][\/et_pb_row][\/et_pb_section][et_pb_section fb_built=\u00bb1&#8243; _builder_version=\u00bb4.4.8&#8243; custom_padding=\u00bb13px|||||\u00bb][et_pb_row _builder_version=\u00bb4.4.8&#8243; custom_margin=\u00bb|auto||173px||\u00bb][et_pb_column type=\u00bb4_4&#8243; _builder_version=\u00bb4.4.8&#8243;][et_pb_text _builder_version=\u00bb4.4.8&#8243; custom_margin=\u00bb|32px||||\u00bb custom_padding=\u00bb100px|||||\u00bb] EN CONSTRUCCI\u00d3N \u00a0 Lorem ipsum dolor sit amet, consectetur adipiscing elit. Sed do eiusmod tempor incididunt ut labore et dolore magna [&hellip;]","og_url":"https:\/\/fupnapib.org\/?page_id=4531","og_site_name":"FUPNAPIB","article_publisher":"https:\/\/www.facebook.com\/fupnapibOficial\/","article_modified_time":"2025-03-10T23:56:20+00:00","twitter_card":"summary_large_image","twitter_site":"@fupnapib","twitter_misc":{"Tiempo de lectura":"1 minuto"},"schema":{"@context":"https:\/\/schema.org","@graph":[{"@type":"WebPage","@id":"https:\/\/fupnapib.org\/?page_id=4531","url":"https:\/\/fupnapib.org\/?page_id=4531","name":"Anfibios - FUPNAPIB","isPartOf":{"@id":"https:\/\/fupnapib.org\/#website"},"datePublished":"2025-03-10T18:45:19+00:00","dateModified":"2025-03-10T23:56:20+00:00","breadcrumb":{"@id":"https:\/\/fupnapib.org\/?page_id=4531#breadcrumb"},"inLanguage":"es","potentialAction":[{"@type":"ReadAction","target":["https:\/\/fupnapib.org\/?page_id=4531"]}]},{"@type":"BreadcrumbList","@id":"https:\/\/fupnapib.org\/?page_id=4531#breadcrumb","itemListElement":[{"@type":"ListItem","position":1,"name":"Portada","item":"https:\/\/fupnapib.org\/"},{"@type":"ListItem","position":2,"name":"Anfibios"}]},{"@type":"WebSite","@id":"https:\/\/fupnapib.org\/#website","url":"https:\/\/fupnapib.org\/","name":"FUPNAPIB","description":"Fundaci\u00f3n Parque Nacional Pico Bonito","publisher":{"@id":"https:\/\/fupnapib.org\/#organization"},"potentialAction":[{"@type":"SearchAction","target":{"@type":"EntryPoint","urlTemplate":"https:\/\/fupnapib.org\/?s={search_term_string}"},"query-input":{"@type":"PropertyValueSpecification","valueRequired":true,"valueName":"search_term_string"}}],"inLanguage":"es"},{"@type":"Organization","@id":"https:\/\/fupnapib.org\/#organization","name":"Fundaci\u00f3n Parque Nacional Pico Bonito","url":"https:\/\/fupnapib.org\/","logo":{"@type":"ImageObject","inLanguage":"es","@id":"https:\/\/fupnapib.org\/#\/schema\/logo\/image\/","url":"https:\/\/i0.wp.com\/fupnapib.org\/wp-content\/uploads\/2020\/11\/Logo_miniatura.png?fit=93%2C109&ssl=1","contentUrl":"https:\/\/i0.wp.com\/fupnapib.org\/wp-content\/uploads\/2020\/11\/Logo_miniatura.png?fit=93%2C109&ssl=1","width":93,"height":109,"caption":"Fundaci\u00f3n Parque Nacional Pico Bonito"},"image":{"@id":"https:\/\/fupnapib.org\/#\/schema\/logo\/image\/"},"sameAs":["https:\/\/www.facebook.com\/fupnapibOficial\/","https:\/\/x.com\/fupnapib","https:\/\/www.instagram.com\/fupnapib_oficial\/"]}]}},"_links":{"self":[{"href":"https:\/\/fupnapib.org\/index.php?rest_route=\/wp\/v2\/pages\/4531","targetHints":{"allow":["GET"]}}],"collection":[{"href":"https:\/\/fupnapib.org\/index.php?rest_route=\/wp\/v2\/pages"}],"about":[{"href":"https:\/\/fupnapib.org\/index.php?rest_route=\/wp\/v2\/types\/page"}],"author":[{"embeddable":true,"href":"https:\/\/fupnapib.org\/index.php?rest_route=\/wp\/v2\/users\/1"}],"replies":[{"embeddable":true,"href":"https:\/\/fupnapib.org\/index.php?rest_route=%2Fwp%2Fv2%2Fcomments&post=4531"}],"version-history":[{"count":4,"href":"https:\/\/fupnapib.org\/index.php?rest_route=\/wp\/v2\/pages\/4531\/revisions"}],"predecessor-version":[{"id":4689,"href":"https:\/\/fupnapib.org\/index.php?rest_route=\/wp\/v2\/pages\/4531\/revisions\/4689"}],"wp:attachment":[{"href":"https:\/\/fupnapib.org\/index.php?rest_route=%2Fwp%2Fv2%2Fmedia&parent=4531"}],"curies":[{"name":"wp","href":"https:\/\/api.w.org\/{rel}","templated":true}]}}